{"id":2195,"date":"2026-02-11T10:33:25","date_gmt":"2026-02-11T03:33:25","guid":{"rendered":"https:\/\/www.sekisui-sea.com\/?page_id=2195"},"modified":"2026-02-11T10:33:26","modified_gmt":"2026-02-11T03:33:26","slug":"duong-day-nong-toan-cau-cua-tap-doan-sekisui-chemical","status":"publish","type":"page","link":"https:\/\/www.sekisui-sea.com\/th\/duong-day-nong-toan-cau-cua-tap-doan-sekisui-chemical\/","title":{"rendered":"\u0110\u01b0\u1eddng d\u00e2y n\u00f3ng to\u00e0n c\u1ea7u c\u1ee7a t\u1eadp \u0111o\u00e0n SEKISUI CHEMICAL"},"content":{"rendered":"<h2 class=\"wp-block-heading has-text-align-center\" style=\"padding-top:0px;padding-bottom:0px;font-style:normal;font-weight:100;line-height:1\"><strong><strong>&#8211; \u0110\u01b0\u1eddng d\u00e2y n\u00f3ng t\u1eeb \u0111\u1ed1i t\u00e1c kinh doanh &#8211;<\/strong><\/strong><\/h2>\n\n\n\n<h5 class=\"wp-block-heading\" style=\"margin-top:var(--wp--preset--spacing--60)\"><strong><strong>1. \u0110\u01b0\u1eddng d\u00e2y n\u00f3ng to\u00e0n c\u1ea7u l\u00e0 g\u00ec?<\/strong><\/strong><\/h5>\n\n\n\n<p style=\"padding-right:22px;padding-left:22px\">K\u00eanh b\u00e1o c\u00e1o n\u1ed9i b\u1ed9 n\u00e0y \u0111\u01b0\u1ee3c thi\u1ebft l\u1eadp nh\u1eb1m gi\u00fap ch\u00fang t\u00f4i ph\u00e1t hi\u1ec7n s\u1edbm c\u00e1c v\u1ea5n \u0111\u1ec1 c\u00f3 th\u1ec3 g\u00e2y \u1ea3nh h\u01b0\u1edfng ti\u00eau c\u1ef1c t\u1edbi T\u1eadp \u0110o\u00e0n SEKISUI CHEMICAL, ch\u1eb3ng h\u1ea1n nh\u01b0 gian l\u1eadn, t\u1eeb \u0111\u00f3 \u0111\u1ea3m b\u1ea3o cho s\u1ef1 ho\u1ea1t \u0111\u1ed9ng l\u00e0nh m\u1ea1nh c\u1ee7a t\u1eadp \u0111o\u00e0n.<\/p>\n\n\n\n<p style=\"padding-right:22px;padding-left:22px\">C\u00e1c n\u1ed9i dung c\u00f3 th\u1ec3 \u0111\u01b0\u1ee3c b\u00e1o c\u00e1o bao g\u1ed3m: H\u00e0nh vi sai ph\u1ea1m nghi\u00eam tr\u1ecdng v\u00e0 vi ph\u1ea1m quy \u0111\u1ecbnh v\u1ec1 tu\u00e2n th\u1ee7, c\u0169ng nh\u01b0 c\u00e1c h\u00e0nh vi c\u00f3 kh\u1ea3 n\u0103ng d\u1eabn t\u1edbi c\u00e1c sai ph\u1ea1m \u0111\u00f3.<\/p>\n\n\n\n<p style=\"padding-right:22px;padding-left:22px\">Ch\u00fang t\u00f4i cam k\u1ebft ng\u01b0\u1eddi b\u00e1o c\u00e1o s\u1ebd kh\u00f4ng b\u1ecb \u0111\u1ed1i x\u1eed b\u1ea5t l\u1ee3i d\u01b0\u1edbi b\u1ea5t k\u00ec h\u00ecnh th\u1ee9c n\u00e0o v\u00ec \u0111\u00e3 th\u1ef1c hi\u1ec7n b\u00e1o c\u00e1o, v\u00e0 th\u00f4ng tin c\u00e1 nh\u00e2n s\u1ebd \u0111\u01b0\u1ee3c b\u1ea3o m\u1eadt tuy\u1ec7t \u0111\u1ed1i.<\/p>\n\n\n\n<p>B\u1ea1n c\u0169ng c\u00f3 th\u1ec3 th\u1ef1c hi\u1ec7n b\u00e1o c\u00e1o n\u1eb7c danh.<\/p>\n\n\n\n<p style=\"padding-right:22px;padding-left:22px\">Tuy nhi\u00ean, trong tr\u01b0\u1eddng h\u1ee3p b\u00e1o c\u00e1o c\u1ee7a b\u1ea1n sai s\u1ef1 th\u1eadt, b\u00e1o c\u00e1o ho\u1eb7c t\u01b0 v\u1ea5n v\u1edbi m\u1ee5c \u0111\u00edch vu kh\u1ed1ng, b\u00f4i nh\u1ecd danh d\u1ef1, ho\u1eb7c v\u00ec m\u1ee5c \u0111\u00edch kh\u00f4ng ch\u00ednh \u0111\u00e1ng kh\u00e1c, ch\u00fang t\u00f4i c\u00f3 th\u1ec3 s\u1ebd kh\u00f4ng ti\u1ebfp nh\u1eadn b\u00e1o c\u00e1o \u0111\u00f3.<\/p>\n\n\n\n<p style=\"padding-right:22px;padding-left:22px\">N\u1ebfu b\u1ea1n ph\u00e1t hi\u1ec7n b\u1ea5t k\u00ec h\u00e0nh vi sai tr\u00e1i ho\u1eb7c vi ph\u1ea1m ph\u00e1p lu\u1eadt n\u00e0o trong T\u1eadp \u0110o\u00e0n SEKISUI CHEMICAL, h\u00e3y s\u1eed d\u1ee5ng k\u00eanh b\u00e1o c\u00e1o n\u00e0y \u0111\u1ec3 th\u00f4ng tin cho ch\u00fang t\u00f4i.<\/p>\n\n\n\n<h5 class=\"wp-block-heading\"><strong><strong>2. Ai l\u00e0 ng\u01b0\u1eddi \u0111\u01b0\u1ee3c s\u1eed d\u1ee5ng k\u00eanh b\u00e1o c\u00e1o n\u00e0y<\/strong><\/strong><\/h5>\n\n\n\n<p style=\"padding-right:22px;padding-left:22px\">C\u00e1c \u0111\u1ed1i t\u00e1c kinh doanh \u0111ang c\u00f3 quan h\u1ec7 h\u1ee3p t\u00e1c v\u1edbi t\u1eadp \u0111o\u00e0n SEKISUI CHEMICAL.<\/p>\n\n\n\n<h5 class=\"wp-block-heading\"><strong><strong>3. B\u1ea1n c\u00f3 th\u1ec3 b\u00e1o c\u00e1o nh\u1eefng g\u00ec<\/strong><\/strong><\/h5>\n\n\n\n<p style=\"padding-right:22px;padding-left:22px\">B\u1ea1n c\u00f3 th\u1ec3 b\u00e1o c\u00e1o c\u00e1c v\u1ea5n \u0111\u1ec1 sau trong T\u1eadp \u0110o\u00e0n SEKISUI CHEMICAL:<\/p>\n\n\n\n<ul class=\"wp-block-list\">\n<li>Gian l\u1eadn k\u1ebf to\u00e1n<\/li>\n\n\n\n<li>R\u1eeda ti\u1ec1n<\/li>\n\n\n\n<li>Tham \u00f4<\/li>\n\n\n\n<li>H\u1ed1i l\u1ed9<\/li>\n\n\n\n<li>D\u00e0n x\u1ebfp k\u1ebft qu\u1ea3 \u0111\u1ea5u th\u1ea7u v\u00e0 h\u00e0nh vi c\u1ea5u k\u1ebft \u0111\u1ed9c quy\u1ec1n (b\u1ea5t ch\u00ednh)<\/li>\n\n\n\n<li>Ti\u1ebft l\u1ed9 tr\u00e1i ph\u00e9p ho\u1eb7c s\u1eed d\u1ee5ng th\u00f4ng tin c\u1ee7a c\u00f4ng ty, kh\u00e1ch h\u00e0ng cho m\u1ee5c \u0111\u00edch c\u00e1 nh\u00e2n.<\/li>\n\n\n\n<li>Khai b\u00e1o sai s\u1ef1 th\u1eadt<\/li>\n\n\n\n<li>Xung \u0111\u1ed9t l\u1ee3i \u00edch<\/li>\n\n\n\n<li>V\u00e0 c\u00e1c h\u00e0nh vi sai ph\u1ea1m kh\u00e1c c\u0169ng nh\u01b0 h\u00e0nh vi vi ph\u1ea1m ph\u00e1p lu\u1eadt<\/li>\n<\/ul>\n\n\n\n<p style=\"padding-right:22px;padding-left:22px\">H\u1ed7 tr\u1ee3 \u0111a ng\u00f4n ng\u1eef. B\u1ea1n c\u00f3 th\u1ec3 th\u1ef1c hi\u1ec7n b\u00e1o c\u00e1o b\u1eb1ng 19 ng\u00f4n ng\u1eef kh\u00e1c nhau.<br>Ng\u01b0\u1eddi b\u00e1o c\u00e1o \u0111\u01b0\u1ee3c b\u1ea3o v\u1ec7 b\u1edfi c\u00e1c quy \u0111\u1ecbnh ph\u00e1p lu\u1eadt v\u1ec1 b\u1ea3o v\u1ec7 ng\u01b0\u1eddi t\u1ed1 c\u00e1o t\u1ea1i m\u1ed7i qu\u1ed1c gia.<\/p>\n\n\n\n<h5 class=\"wp-block-heading\"><strong><strong>4. C\u00e1ch b\u00e1o c\u00e1o<\/strong><\/strong><\/h5>\n\n\n\n<p style=\"padding-right:22px;padding-left:22px\">Vui l\u00f2ng s\u1eed d\u1ee5ng \u201cm\u1eabu chuy\u00ean d\u1ee5ng\u201d b\u00ean d\u01b0\u1edbi \u0111\u1ec3 g\u1eedi b\u00e1o c\u00e1o v\u00e0 t\u01b0 v\u1ea5n.<\/p>\n\n\n\n<div class=\"wp-block-group is-vertical is-content-justification-center is-layout-flex wp-container-core-group-is-layout-6363bf74 wp-block-group-is-layout-flex\" style=\"line-height:1.9\">\n<div class=\"wp-block-buttons is-layout-flex wp-block-buttons-is-layout-flex\"><\/div>\n\n\n\n<div class=\"wp-block-buttons is-layout-flex wp-block-buttons-is-layout-flex\">\n<div class=\"wp-block-button is-style-fill\"><a class=\"wp-block-button__link has-background wp-element-button\" href=\"https:\/\/portal.dq-helpline.com\/sekisui-supplier\/en\/\" style=\"background:linear-gradient(135deg,rgb(0,58,140) 0%,rgb(0,58,140) 100%)\"><strong>Global Hotline \u0e02\u0e2d\u0e07\u0e01\u0e25\u0e38\u0e48\u0e21\u0e1a\u0e23\u0e34\u0e29\u0e31\u0e17\u0e40\u0e0b\u0e01\u0e34\u0e0b\u0e38\u0e22 \u0e40\u0e04\u0e21\u0e34\u0e04\u0e2d\u0e25<br>- \u0e2a\u0e32\u0e22\u0e14\u0e48\u0e27\u0e19\u0e08\u0e32\u0e01\u0e1e\u0e31\u0e19\u0e18\u0e21\u0e34\u0e15\u0e23\u0e17\u0e32\u0e07\u0e18\u0e38\u0e23\u0e01\u0e34\u0e08 -<\/strong><\/a><\/div>\n<\/div>\n<\/div>\n\n\n\n<figure class=\"wp-block-image aligncenter size-full is-resized is-style-default\" style=\"margin-top:var(--wp--preset--spacing--40);margin-bottom:var(--wp--preset--spacing--40)\"><img fetchpriority=\"high\" decoding=\"async\" width=\"410\" height=\"410\" src=\"https:\/\/enrtksvst4n.exactdn.com\/wp-content\/uploads\/QR-Eng-1.jpg?strip=all&webp=85\" alt=\"\" class=\"wp-image-2151\" style=\"width:150px;height:auto\" srcset=\"https:\/\/enrtksvst4n.exactdn.com\/wp-content\/uploads\/QR-Eng-1.jpg?strip=all&amp;webp=85 410w, https:\/\/enrtksvst4n.exactdn.com\/wp-content\/uploads\/QR-Eng-1-300x300.jpg?strip=all&amp;webp=85 300w, https:\/\/enrtksvst4n.exactdn.com\/wp-content\/uploads\/QR-Eng-1-12x12.jpg?strip=all&amp;webp=85 12w, https:\/\/enrtksvst4n.exactdn.com\/wp-content\/uploads\/QR-Eng-1.jpg?strip=all&amp;webp=85&amp;w=82 82w, https:\/\/enrtksvst4n.exactdn.com\/wp-content\/uploads\/QR-Eng-1.jpg?strip=all&amp;webp=85&amp;w=164 164w, https:\/\/enrtksvst4n.exactdn.com\/wp-content\/uploads\/QR-Eng-1.jpg?strip=all&amp;webp=85&amp;w=246 246w\" sizes=\"(max-width: 410px) 100vw, 410px\" \/><\/figure>\n\n\n\n<p><\/p>","protected":false},"excerpt":{"rendered":"<p>&#8211; \u0110\u01b0\u1eddng d\u00e2y n\u00f3ng t\u1eeb \u0111\u1ed1i t\u00e1c kinh doanh &#8211; 1. \u0110\u01b0\u1eddng d\u00e2y n\u00f3ng to\u00e0n c\u1ea7u l\u00e0 g\u00ec? K\u00eanh b\u00e1o c\u00e1o n\u1ed9i b\u1ed9 n\u00e0y \u0111\u01b0\u1ee3c thi\u1ebft l\u1eadp nh\u1eb1m gi\u00fap ch\u00fang t\u00f4i ph\u00e1t hi\u1ec7n s\u1edbm c\u00e1c v\u1ea5n \u0111\u1ec1 c\u00f3 th\u1ec3 g\u00e2y \u1ea3nh h\u01b0\u1edfng ti\u00eau c\u1ef1c t\u1edbi T\u1eadp \u0110o\u00e0n SEKISUI CHEMICAL, ch\u1eb3ng h\u1ea1n nh\u01b0 gian l\u1eadn, t\u1eeb [&hellip;]<\/p>\n","protected":false},"author":2,"featured_media":0,"parent":0,"menu_order":0,"comment_status":"closed","ping_status":"closed","template":"","meta":{"_seopress_robots_primary_cat":"","_seopress_titles_title":"SEKISUI CHEMICAL Group Global Hotline - Hotline from business partners - Vietnamese","_seopress_titles_desc":"SEKISUI CHEMICAL Group Global Hotline\r\n- Hotline from business partners -","_seopress_robots_index":"","inline_featured_image":false,"footnotes":""},"class_list":["post-2195","page","type-page","status-publish","hentry"],"blocksy_meta":[],"_links":{"self":[{"href":"https:\/\/www.sekisui-sea.com\/th\/wp-json\/wp\/v2\/pages\/2195","targetHints":{"allow":["GET"]}}],"collection":[{"href":"https:\/\/www.sekisui-sea.com\/th\/wp-json\/wp\/v2\/pages"}],"about":[{"href":"https:\/\/www.sekisui-sea.com\/th\/wp-json\/wp\/v2\/types\/page"}],"author":[{"embeddable":true,"href":"https:\/\/www.sekisui-sea.com\/th\/wp-json\/wp\/v2\/users\/2"}],"replies":[{"embeddable":true,"href":"https:\/\/www.sekisui-sea.com\/th\/wp-json\/wp\/v2\/comments?post=2195"}],"version-history":[{"count":0,"href":"https:\/\/www.sekisui-sea.com\/th\/wp-json\/wp\/v2\/pages\/2195\/revisions"}],"wp:attachment":[{"href":"https:\/\/www.sekisui-sea.com\/th\/wp-json\/wp\/v2\/media?parent=2195"}],"curies":[{"name":"wp","href":"https:\/\/api.w.org\/{rel}","templated":true}]}}